{"id":3,"date":"2023-07-18T14:37:18","date_gmt":"2023-07-18T06:37:18","guid":{"rendered":"https:\/\/www.ahaint.com\/?page_id=3"},"modified":"2023-07-18T16:03:03","modified_gmt":"2023-07-18T08:03:03","slug":"politica-de-privacidade","status":"publish","type":"page","link":"https:\/\/www.ahaint.com\/pt\/politica-de-privacidade\/","title":{"rendered":"pol\u00edtica de Privacidade"},"content":{"rendered":"<p>A privacidade e a seguran\u00e7a das suas informa\u00e7\u00f5es s\u00e3o muito importantes para n\u00f3s.<br>Consulte a pol\u00edtica de privacidade completa abaixo para saber mais.<br>Introdu\u00e7\u00e3o<br>Esta pol\u00edtica de privacidade explica como nossa empresa e suas afiliadas coletam e usam suas informa\u00e7\u00f5es. Nossa pol\u00edtica de privacidade se aplica a todas as pessoas que visitam e usam nosso site, nossa empresa e servi\u00e7os online, bem como os sites e servi\u00e7os online fornecidos por nossos membros (coletivamente denominados \u201csites\u201d). Empresas afiliadas s\u00e3o entidades direta ou indiretamente pertencentes \u00e0 nossa empresa, ou entidades controladas ou controladas em conjunto por nossa empresa. As refer\u00eancias a \u201cBasic Health\u201d, \u201cn\u00f3s\u201d, \u201cnosso\u201d ou \u201cnossos\u201d nesta pol\u00edtica de privacidade referem-se \u00e0 entidade respons\u00e1vel pela coleta e uso de seus dados pessoais, geralmente a entidade que obt\u00e9m seus dados pessoais em cada caso. Essa entidade tamb\u00e9m \u00e9 chamada de controlador de dados. Esta pol\u00edtica de privacidade n\u00e3o abrange os sites e servi\u00e7os online operados por nossa empresa ou nossas empresas afiliadas. Esses sites e servi\u00e7os online t\u00eam pol\u00edticas de privacidade separadas e n\u00e3o est\u00e3o vinculados a esta pol\u00edtica de privacidade nem incorporados por refer\u00eancia. Pol\u00edticas de privacidade diferentes tamb\u00e9m podem se aplicar a outras partes do nosso site, como \u00e1reas protegidas por senha ou p\u00e1ginas da web usadas para recrutamento online. Nossa pol\u00edtica de privacidade aplica-se apenas \u00e0s atividades que realizamos neste site e n\u00e3o se aplica a atividades &quot;offline&quot; ou n\u00e3o relacionadas a este site. Esta pol\u00edtica de privacidade foi incorporada aos nossos termos e condi\u00e7\u00f5es e aplica-se tamb\u00e9m quando voc\u00ea utiliza nosso site. Ao usar este site e fornecer seus dados pessoais e outras informa\u00e7\u00f5es por meio dele, voc\u00ea reconhece que seus dados pessoais ser\u00e3o processados de acordo com os termos desta pol\u00edtica de privacidade. Caso n\u00e3o concorde com as pr\u00e1ticas descritas nesta pol\u00edtica de privacidade, por favor, n\u00e3o nos forne\u00e7a seus dados pessoais nem interaja com o site de outras maneiras. Reservamo-nos o direito de modificar esta pol\u00edtica de privacidade a qualquer momento. Se fizermos altera\u00e7\u00f5es significativas em nossa pol\u00edtica de privacidade, publicaremos um aviso neste site antes que as altera\u00e7\u00f5es entrem em vigor. Voc\u00ea pode verificar a data da \u00faltima revis\u00e3o desta pol\u00edtica de privacidade consultando a data de &quot;\u00faltima atualiza\u00e7\u00e3o&quot; acima. Recomendamos que voc\u00ea verifique regularmente a pol\u00edtica de privacidade para quaisquer altera\u00e7\u00f5es.<br>\u00a0<br>Que dados pessoais coletamos sobre voc\u00ea?<br>Os dados pessoais utilizados nesta pol\u00edtica de privacidade referem-se a qualquer informa\u00e7\u00e3o relacionada a uma pessoa singular identificada ou identific\u00e1vel, ou conforme definido pelas leis aplic\u00e1veis. Ao visitar nosso site e interagir voluntariamente com ele, coletaremos os seguintes dados pessoais:<br>Seu nome e sobrenome;<br>Nome da empresa;<br>Endere\u00e7o de Protocolo de Internet (IP);<br>Informa\u00e7\u00f5es de contato (por exemplo, n\u00famero de telefone, endere\u00e7o de e-mail);<br>Ou, outras informa\u00e7\u00f5es que voc\u00ea fornecer voluntariamente.<br>\u00a0<br>Quando coletamos seus dados pessoais?<br>A menos que voc\u00ea opte por divulgar essas informa\u00e7\u00f5es voluntariamente, nossa empresa n\u00e3o coletar\u00e1 nenhum dado pessoal seu por meio deste site. Podemos solicitar que voc\u00ea forne\u00e7a determinados dados pessoais em diferentes momentos e locais do site. Em alguns casos, se voc\u00ea optar por n\u00e3o nos fornecer os dados pessoais solicitados, poder\u00e1 n\u00e3o conseguir acessar todo o conte\u00fado deste site ou participar de todas as suas fun\u00e7\u00f5es. Por exemplo, podemos coletar dados pessoais seus quando voc\u00ea realizar as seguintes a\u00e7\u00f5es:<br>Adquira produtos da nossa empresa atrav\u00e9s do nosso site;<br>Abra ou responda ao nosso e-mail;<br>Quando voc\u00ea nos fornece informa\u00e7\u00f5es voluntariamente por meio de pesquisas de satisfa\u00e7\u00e3o do cliente, podemos vincul\u00e1-las aos dados pessoais que coletamos anteriormente sobre voc\u00ea;<br>Entre em contato com o servi\u00e7o de atendimento ao cliente, use nossa fun\u00e7\u00e3o &quot;conectar&quot; para falar com os representantes da nossa empresa ou utilize nossas ferramentas de suporte ao cliente;<br>Conecte-se, compartilhe ou &quot;linke&quot; nosso site por meio de redes sociais;<br>Se voc\u00ea nos fornecer dados pessoais de terceiros, isso significa que voc\u00ea notificou esses terceiros e foi autorizado por eles a fornecer tais informa\u00e7\u00f5es.<br>\u00a0<br>Como utilizamos os dados pessoais?<br>Nossa empresa utiliza os dados pessoais que coletamos para fornecer servi\u00e7os ou celebrar um contrato com voc\u00ea quando visita nosso site. Isso inclui:<br>Criaremos uma conta de website online para voc\u00ea, de acordo com suas necessidades;<br>Prestar atendimento ao cliente (por exemplo, responder \u00e0s suas perguntas ou atender \u00e0s suas solicita\u00e7\u00f5es);<br>Enviar lembretes, atualiza\u00e7\u00f5es, suporte, mensagens da ger\u00eancia, comunicados de servi\u00e7o e informa\u00e7\u00f5es solicitadas;<br>Utilizaremos os dados pessoais obtidos por n\u00f3s ou por terceiros para fins comerciais leg\u00edtimos, desde que esses dados sejam compat\u00edveis com seus direitos e expectativas de privacidade. Isso inclui:<br>Operar, manter e aprimorar este site, nossos servi\u00e7os e nossos produtos;<br>Realizar an\u00e1lises e conduzir pesquisas de mercado;<br>Verifique sua capacidade de acessar ou usar determinados produtos ou servi\u00e7os que est\u00e3o dispon\u00edveis apenas para indiv\u00edduos que atendam a certos requisitos ou padr\u00f5es de qualifica\u00e7\u00e3o, como profissionais de sa\u00fade;<br>Permitir que voc\u00ea interaja com determinados fornecedores de servi\u00e7os de conte\u00fado de terceiros (por exemplo, para permitir que voc\u00ea acesse ou visualize conte\u00fado de sites de terceiros dentro deste site ou visualize nosso conte\u00fado em sites de terceiros);<br>Permitir que voc\u00ea opte por participar das funcionalidades interativas do nosso site;<br>Gerenciar pesquisas online ou ofertas especiais fornecidas por n\u00f3s ou por meio de nossos parceiros comerciais terceirizados;<br>Melhorar nosso site, atendimento ao cliente, produtos e servi\u00e7os e a experi\u00eancia geral do usu\u00e1rio;<br>Aprimorar outras informa\u00e7\u00f5es que temos sobre voc\u00ea para nos ajudar a entend\u00ea-lo melhor e determinar seus interesses;<br>Defina suas prefer\u00eancias para que possamos notific\u00e1-lo(a) sobre novos produtos ou outros produtos, servi\u00e7os e promo\u00e7\u00f5es que possam ser do seu interesse;<br>Nossa empresa tamb\u00e9m possui uma base legal para usar seus dados pessoais:<br>Para prevenir fraudes, garantir a seguran\u00e7a p\u00fablica, fazer cumprir as obriga\u00e7\u00f5es de reporte da nossa empresa, bem como os termos e condi\u00e7\u00f5es, e cumprir leis, regulamentos, ordens judiciais, intima\u00e7\u00f5es ou outros procedimentos legais.<br>Quando exigido por lei, tamb\u00e9m podemos usar as informa\u00e7\u00f5es coletadas de acordo com esta pol\u00edtica de privacidade, com seu consentimento expresso, para fornecer produtos ou servi\u00e7os que acreditamos serem do seu interesse.<br>\u00a0<br>Como lidar com dados pessoais sens\u00edveis?<br>Os dados pessoais sens\u00edveis utilizados nesta pol\u00edtica de privacidade (tamb\u00e9m denominados \u201ccategorias especiais de dados pessoais\u201d) referem-se a dados relacionados \u00e0 sua ra\u00e7a ou etnia, opini\u00f5es pol\u00edticas, religi\u00e3o ou outras cren\u00e7as, sa\u00fade, caracter\u00edsticas gen\u00e9ticas ou biol\u00f3gicas, vida sexual ou sexualidade. Informa\u00e7\u00f5es sobre orienta\u00e7\u00e3o sexual, antecedentes criminais ou filia\u00e7\u00e3o sindical tamb\u00e9m s\u00e3o inclu\u00eddas. Nossa empresa coleta dados pessoais sens\u00edveis apenas nas seguintes circunst\u00e2ncias espec\u00edficas:<br>Com o seu consentimento expl\u00edcito;<br>Proteja os seus interesses vitais ou os de terceiros caso n\u00e3o consigam chegar a um acordo, seja f\u00edsica ou legalmente;<br>Se o tratamento for necess\u00e1rio para fins m\u00e9dicos preventivos ou ocupacionais, para prestar cuidados ou tratamentos de sa\u00fade ou sociais, ou para gerir sistemas e servi\u00e7os de sa\u00fade ou sociais em conformidade com a legisla\u00e7\u00e3o da Uni\u00e3o ou dos Estados-Membros ou em conformidade com os contratos com profissionais de sa\u00fade; ou para estabelecer, exercer ou defender direitos legais, ou na medida em que tal seja permitido e exigido pela legisla\u00e7\u00e3o aplic\u00e1vel.<br>A menos que exigido de outra forma pelas leis aplic\u00e1veis, voc\u00ea n\u00e3o precisa nos fornecer quaisquer dados pessoais sens\u00edveis ao usar nosso site. Caso opte por n\u00e3o faz\u00ea-lo, sua decis\u00e3o n\u00e3o o impedir\u00e1 de usar nosso site.<br>\u00a0<br>Que outras informa\u00e7\u00f5es coletamos?<br>Assim como muitos outros sites, quando voc\u00ea navega e interage com o nosso site, podemos usar tecnologia de coleta autom\u00e1tica para coletar certas informa\u00e7\u00f5es sobre seu dispositivo, suas opera\u00e7\u00f5es de navega\u00e7\u00e3o e seus padr\u00f5es de uso, incluindo:<br>Os detalhes da sua visita ao nosso site, incluindo os recursos que voc\u00ea visita e utiliza em nosso site, dados de tr\u00e1fego, dados de localiza\u00e7\u00e3o, registros e idioma;<br>Data e hora de acesso, frequ\u00eancia e outros dados de comunica\u00e7\u00e3o;<br>Informa\u00e7\u00f5es sobre o computador e a conex\u00e3o com a Internet, incluindo sistema operacional, dom\u00ednio do host e tipo de navegador (como o Internet Explorer); ou<br>Detalhes do site recomendado (URL).<br>As informa\u00e7\u00f5es que coletamos automaticamente s\u00e3o dados estat\u00edsticos que podem nos ajudar a melhorar nosso site e a fornecer servi\u00e7os melhores e mais personalizados, incluindo a possibilidade de:<br>Identificar padr\u00f5es de tr\u00e1fego do site;<br>Contabilize o n\u00famero de visitas ao local;<br>Identificar a origem do tr\u00e1fego para que possamos medir e melhorar o desempenho do site;<br>Compartilhar ou vender essas informa\u00e7\u00f5es a terceiros;<br>Ajude-nos a entender quais p\u00e1ginas e conte\u00fados s\u00e3o os mais e menos populares; e<br>Determine a frequ\u00eancia e a data da sua \u00faltima visita ao nosso site.<br>\u00a0<br>Cookies e outras tecnologias<br>Ao visitar nosso site ou interagir com nossos e-mails, utilizamos cookies, web beacons\/pixel tags e outras tecnologias (coletivamente denominadas \u201ccookies\u201d) para identific\u00e1-lo. \u201cCookies\u201d s\u00e3o pequenas quantidades de dados armazenadas em cache ou em um computador com base na sua atividade na internet. Esses cookies podem ser transmitidos por terceiros ou por terceiros. Por exemplo, podemos coletar informa\u00e7\u00f5es sobre o tipo e a vers\u00e3o do seu navegador, sistema operacional, idioma do usu\u00e1rio, provedor de servi\u00e7os de internet (ISP), p\u00e1ginas da web visualizadas, links clicados, endere\u00e7o IP, presen\u00e7a de um plug-in \u201cFlash\u201d, resolu\u00e7\u00e3o da tela e informa\u00e7\u00f5es de conex\u00e3o. Tamb\u00e9m coletamos informa\u00e7\u00f5es sobre os sites visitados antes e depois de visitar o nosso site, detalhes sobre os produtos adquiridos e e-mails que voc\u00ea envia, encaminha ou clica para acessar nosso site. Ao coletar essas informa\u00e7\u00f5es, podemos entender melhor como voc\u00ea interage com nosso site; proporcionar uma experi\u00eancia online mais personalizada e otimizada, rastreando suas prefer\u00eancias; aprimorar nosso site; cumprir contratos com nossos parceiros comerciais; confirmar o recebimento e responder aos nossos e-mails; e oferecer um atendimento ao cliente mais eficaz. Para obter mais informa\u00e7\u00f5es sobre os cookies que coletamos e como desativ\u00e1-los, consulte nossa Pol\u00edtica de Cookies e a se\u00e7\u00e3o 9 abaixo. Plugins de m\u00eddias sociais. Nosso site utiliza os chamados plug-ins sociais (\u201cplug-ins\u201d) das redes sociais Facebook, Twitter e LinkedIn. Esses plug-ins s\u00e3o identificados pelos respectivos logotipos das redes sociais. Ao visitar o site, seu navegador estabelece uma conex\u00e3o direta com os servidores dessas redes sociais. A rede social transfere o conte\u00fado do plug-in diretamente para o seu navegador e o integra ao site. A integra\u00e7\u00e3o dos plug-ins permite que as redes sociais recebam as informa\u00e7\u00f5es que voc\u00ea acessou nas p\u00e1ginas correspondentes do site. Por exemplo, se voc\u00ea fizer login com o Facebook, a rede poder\u00e1 associar sua visita \u00e0 sua conta. Ao visitar nosso site, independentemente de voc\u00ea interagir com o plug-in ou n\u00e3o, essas informa\u00e7\u00f5es j\u00e1 foram compartilhadas. Se voc\u00ea interagir com o plug-in, as informa\u00e7\u00f5es correspondentes ser\u00e3o enviadas diretamente ao Facebook por meio do seu navegador e armazenadas l\u00e1. Voc\u00ea pode encontrar informa\u00e7\u00f5es sobre como as redes sociais utilizam os dados, bem como seus direitos e configura\u00e7\u00f5es opcionais nos sites das redes sociais para proteger sua privacidade. Se voc\u00ea n\u00e3o deseja que as redes sociais coletem dados sobre voc\u00ea por meio do nosso site, voc\u00ea deve fazer login no dom\u00ednio da rede social antes de visitar o site. Para impedir a troca de informa\u00e7\u00f5es com as redes sociais durante sua visita ao nosso site, voc\u00ea pode desativar os cookies por meio das configura\u00e7\u00f5es do seu navegador e outras ferramentas.<br>\u00a0<br>Como compartilhamos informa\u00e7\u00f5es?<br>Nossa empresa se compromete a manter seus dados pessoais confidenciais. Exceto conforme previsto nesta pol\u00edtica de privacidade, n\u00e3o venderemos, trocaremos ou alugaremos seus dados pessoais coletados no site a terceiros. Podemos compartilhar seus dados pessoais de acordo com as seguintes exig\u00eancias ou permiss\u00f5es legais:<br>No dia a dia das atividades comerciais, qualquer empresa afiliada da AHA INTERNATIONAL CO., LTD. s\u00f3 poder\u00e1 usar seus dados pessoais para os fins descritos nesta pol\u00edtica de privacidade (por exemplo, para responder \u00e0s suas perguntas sobre nossos produtos e servi\u00e7os);<br>Com contratados, fornecedores e prestadores de servi\u00e7os que nos fornecem servi\u00e7os em nosso nome, como processamento e atendimento de pedidos; an\u00e1lise e armazenamento de dados; aux\u00edlio no marketing direto e distribui\u00e7\u00e3o de e-mails e outras comunica\u00e7\u00f5es; servi\u00e7os de preven\u00e7\u00e3o de fraudes; entrega e log\u00edstica; e outras finalidades da coleta acima mencionada;<br>Caso n\u00f3s ou qualquer uma de nossas empresas afiliadas entremos com pedido de fal\u00eancia ou transfer\u00eancia de propriedade (ou ativos) relacionada \u00e0 reorganiza\u00e7\u00e3o corporativa proposta ou completa de qualquer uma de nossas afiliadas, como fus\u00f5es, aquisi\u00e7\u00f5es ou vendas de unidades de neg\u00f3cios, reais ou potenciais;<br>Cumprir ordens legais e requisitos governamentais, ou apoiar as fun\u00e7\u00f5es de auditoria, conformidade e governan\u00e7a corporativa, conforme necess\u00e1rio;<br>Para combater fraudes ou atividades criminosas e para proteger os direitos da nossa empresa, de nossas afiliadas, usu\u00e1rios e parceiros comerciais, ou como parte de procedimentos legais que afetem nossa empresa, incluindo a aplica\u00e7\u00e3o de nossos termos e condi\u00e7\u00f5es.<\/p>","protected":false},"excerpt":{"rendered":"<p>A privacidade e a seguran\u00e7a das suas informa\u00e7\u00f5es s\u00e3o muito importantes para n\u00f3s. Consulte a pol\u00edtica de privacidade completa abaixo para saber mais. Introdu\u00e7\u00e3o Esta pol\u00edtica de privacidade explica como nossa empresa e suas afiliadas coletam e usam suas informa\u00e7\u00f5es. Nossa pol\u00edtica de privacidade se aplica a todas as pessoas que visitam e usam nosso site, nossa empresa e servi\u00e7os online, e [\u2026]<\/p>","protected":false},"author":1,"featured_media":0,"parent":0,"menu_order":0,"comment_status":"closed","ping_status":"open","template":"page\/privacy.php","meta":{"footnotes":""},"class_list":["post-3","page","type-page","status-publish","hentry"],"_links":{"self":[{"href":"https:\/\/www.ahaint.com\/pt\/wp-json\/wp\/v2\/pages\/3","targetHints":{"allow":["GET"]}}],"collection":[{"href":"https:\/\/www.ahaint.com\/pt\/wp-json\/wp\/v2\/pages"}],"about":[{"href":"https:\/\/www.ahaint.com\/pt\/wp-json\/wp\/v2\/types\/page"}],"author":[{"embeddable":true,"href":"https:\/\/www.ahaint.com\/pt\/wp-json\/wp\/v2\/users\/1"}],"replies":[{"embeddable":true,"href":"https:\/\/www.ahaint.com\/pt\/wp-json\/wp\/v2\/comments?post=3"}],"version-history":[{"count":1,"href":"https:\/\/www.ahaint.com\/pt\/wp-json\/wp\/v2\/pages\/3\/revisions"}],"predecessor-version":[{"id":6,"href":"https:\/\/www.ahaint.com\/pt\/wp-json\/wp\/v2\/pages\/3\/revisions\/6"}],"wp:attachment":[{"href":"https:\/\/www.ahaint.com\/pt\/wp-json\/wp\/v2\/media?parent=3"}],"curies":[{"name":"wp","href":"https:\/\/api.w.org\/{rel}","templated":true}]}}