{"id":3,"date":"2023-07-18T14:37:18","date_gmt":"2023-07-18T06:37:18","guid":{"rendered":"https:\/\/www.ahaint.com\/?page_id=3"},"modified":"2023-07-18T16:03:03","modified_gmt":"2023-07-18T08:03:03","slug":"politica-de-privacidad","status":"publish","type":"page","link":"https:\/\/www.ahaint.com\/es\/politica-de-privacidad\/","title":{"rendered":"pol\u00edtica de privacidad"},"content":{"rendered":"<p>La privacidad y la seguridad de su informaci\u00f3n son muy importantes para nosotros.<br>Para obtener m\u00e1s informaci\u00f3n, consulte la pol\u00edtica de privacidad completa a continuaci\u00f3n.<br>Introducci\u00f3n<br>Esta pol\u00edtica de privacidad explica c\u00f3mo nuestra empresa y sus filiales recopilan y utilizan su informaci\u00f3n. Nuestra pol\u00edtica de privacidad se aplica a todas las personas que visitan y utilizan nuestro sitio web, nuestra empresa y servicios en l\u00ednea, as\u00ed como los sitios web y servicios en l\u00ednea proporcionados por nuestros miembros (denominados colectivamente como \u201csitios\u201d). Las empresas filiales son entidades propiedad directa o indirecta de nuestra empresa, o entidades controladas o controladas conjuntamente por nuestra empresa. Las referencias a \u201csalud b\u00e1sica\u201d, \u201cnosotros\u201d, \u201cnuestro\u201d o \u201cnos\u201d en esta pol\u00edtica de privacidad se refieren a la entidad responsable de la recopilaci\u00f3n y el uso de sus datos personales, generalmente la entidad que obtiene sus datos personales en cada caso. Esta entidad tambi\u00e9n se denomina responsable del tratamiento de datos. Esta pol\u00edtica de privacidad no cubre los sitios web y servicios en l\u00ednea operados por nuestra empresa o nuestras empresas filiales. Estos sitios web y servicios en l\u00ednea tienen pol\u00edticas de privacidad independientes y no est\u00e1n vinculados a esta pol\u00edtica de privacidad ni se incorporan por referencia. Tambi\u00e9n pueden aplicarse pol\u00edticas de privacidad diferentes a otras partes de nuestro sitio web, como \u00e1reas protegidas con contrase\u00f1a o p\u00e1ginas web utilizadas para la contrataci\u00f3n en l\u00ednea. Nuestra pol\u00edtica de privacidad se aplica \u00fanicamente a las actividades que realizamos en este sitio web y no a las actividades que se realizan fuera de l\u00ednea o que no est\u00e1n relacionadas con este sitio web. Esta pol\u00edtica de privacidad se ha incorporado a nuestros t\u00e9rminos y condiciones, y se aplica tambi\u00e9n cuando usted utiliza nuestro sitio web. Al utilizar este sitio web y proporcionar sus datos personales y otra informaci\u00f3n a trav\u00e9s del mismo, usted reconoce que sus datos personales se procesar\u00e1n de acuerdo con los t\u00e9rminos de esta pol\u00edtica de privacidad. Si no est\u00e1 de acuerdo con las pr\u00e1cticas descritas en esta pol\u00edtica de privacidad, le rogamos que no nos proporcione sus datos personales ni interact\u00fae con el sitio web de ninguna otra manera. Nos reservamos el derecho de modificar esta pol\u00edtica de privacidad en cualquier momento. Si realizamos cambios importantes en nuestra pol\u00edtica de privacidad, lo notificaremos en este sitio web antes de que entren en vigor. Puede consultar la fecha de la \u00faltima revisi\u00f3n de esta pol\u00edtica de privacidad en la fecha de &quot;\u00faltima actualizaci\u00f3n&quot; que aparece arriba. Puede ver la versi\u00f3n m\u00e1s reciente de esta pol\u00edtica de privacidad. Le recomendamos que revise peri\u00f3dicamente la pol\u00edtica de privacidad para estar al tanto de cualquier cambio.<br>\u00a0<br>\u00bfQu\u00e9 datos personales recopilamos sobre usted?<br>Los datos personales a los que se refiere esta pol\u00edtica de privacidad son cualquier informaci\u00f3n relacionada con una persona f\u00edsica identificada o identificable, o seg\u00fan lo definan las leyes aplicables. Cuando usted visita nuestro sitio web e interact\u00faa voluntariamente con \u00e9l, recopilaremos los siguientes datos personales:<br>Su nombre y apellido;<br>Nombre de empresa;<br>Direcci\u00f3n de Protocolo de Internet (IP);<br>Informaci\u00f3n de contacto (por ejemplo, n\u00famero de tel\u00e9fono, direcci\u00f3n de correo electr\u00f3nico);<br>o bien, otra informaci\u00f3n que usted proporcione voluntariamente.<br>\u00a0<br>\u00bfCu\u00e1ndo recopilamos datos personales sobre usted?<br>A menos que usted decida voluntariamente revelar dicha informaci\u00f3n, nuestra empresa no recopilar\u00e1 ning\u00fan dato personal suyo a trav\u00e9s de este sitio web. Es posible que le solicitemos ciertos datos personales en diferentes momentos y secciones del sitio web. En algunos casos, si decide no proporcionarnos los datos personales solicitados, es posible que no pueda acceder a todo el contenido de este sitio web ni participar en todas sus funciones. Por ejemplo, podemos recopilar datos personales suyos cuando realice las siguientes acciones:<br>Adquiera productos de nuestra empresa a trav\u00e9s de nuestro sitio web;<br>Abra o responda a nuestro correo electr\u00f3nico;<br>Cuando usted nos proporciona informaci\u00f3n voluntariamente a trav\u00e9s de encuestas de clientes, podemos vincularla con los datos personales que hemos recopilado previamente sobre usted;<br>P\u00f3ngase en contacto con el servicio de atenci\u00f3n al cliente, utilice nuestra funci\u00f3n &quot;conectar&quot; para hablar con los representantes de nuestra empresa o utilice nuestras herramientas de soporte al cliente;<br>Con\u00e9ctate, enlaza o \u201ccomparte\u201d nuestro sitio web a trav\u00e9s de las redes sociales;<br>Si nos proporciona datos personales de un tercero, significa que ha notificado a dicho tercero y que este le ha autorizado a facilitarnos dicha informaci\u00f3n.<br>\u00a0<br>\u00bfC\u00f3mo utilizamos los datos personales?<br>Nuestra empresa utiliza los datos personales que recopilamos para brindarle servicios o formalizar un acuerdo contractual con usted cuando visita nuestro sitio web. Esto incluye:<br>Crearemos una cuenta web personalizada seg\u00fan tus necesidades;<br>Brindar servicio al cliente (por ejemplo, responder a sus preguntas o atender sus solicitudes);<br>Le enviaremos recordatorios, actualizaciones, asistencia, mensajes de gesti\u00f3n, anuncios de servicio e informaci\u00f3n solicitada;<br>Utilizaremos los datos personales recopilados por terceros o por nosotros mismos por razones comerciales leg\u00edtimas, siempre que dichos datos sean compatibles con sus derechos y expectativas de privacidad. Esto incluye:<br>Gestionar, mantener y mejorar este sitio web, nuestros servicios y nuestros productos;<br>Realizar an\u00e1lisis y llevar a cabo estudios de mercado;<br>Verifique su capacidad para acceder o utilizar determinados productos o servicios que solo est\u00e1n disponibles para personas que cumplen con ciertos requisitos o est\u00e1ndares de cualificaci\u00f3n, como los profesionales de la salud;<br>Le permite interactuar con determinados proveedores de servicios de contenido de terceros (por ejemplo, para permitirle enlazar o ver contenido de sitios web de terceros dentro de este sitio web, o ver nuestro contenido en sitios web de terceros);<br>Le permite elegir si desea participar en las funciones interactivas de nuestro sitio web;<br>Gestionar encuestas en l\u00ednea u ofertas especiales proporcionadas por nosotros o a trav\u00e9s de nuestros socios comerciales externos;<br>Mejorar nuestro sitio web, el servicio al cliente, los productos y servicios, y la experiencia general del usuario;<br>Mejorar la informaci\u00f3n que tenemos sobre usted para ayudarnos a comprenderle mejor y determinar sus intereses;<br>Indique sus preferencias para que podamos notificarle sobre nuevos productos u otros productos, servicios y promociones que puedan ser de su inter\u00e9s;<br>Nuestra empresa tambi\u00e9n tiene una base legal para utilizar sus datos personales:<br>Para prevenir el fraude, garantizar la seguridad p\u00fablica y hacer cumplir las obligaciones de informaci\u00f3n y los t\u00e9rminos y condiciones de nuestra empresa, as\u00ed como para cumplir con las leyes, reglamentos, \u00f3rdenes judiciales, citaciones u otros procedimientos legales.<br>Cuando lo exija la ley, tambi\u00e9n podemos utilizar la informaci\u00f3n recopilada de acuerdo con esta pol\u00edtica de privacidad con su consentimiento expl\u00edcito para proporcionarle bienes o servicios que creemos que pueden ser de su inter\u00e9s.<br>\u00a0<br>\u00bfC\u00f3mo gestionar los datos personales sensibles?<br>Los datos personales sensibles que se utilizan en la pol\u00edtica de privacidad (tambi\u00e9n denominados \u201ccategor\u00edas especiales de datos personales\u201d) se refieren a datos relacionados con su raza u origen \u00e9tnico, opiniones pol\u00edticas, religi\u00f3n u otras creencias, salud, caracter\u00edsticas gen\u00e9ticas o biol\u00f3gicas, vida sexual u orientaci\u00f3n sexual. Informaci\u00f3n sobre orientaci\u00f3n sexual, antecedentes penales o afiliaci\u00f3n sindical. Nuestra empresa solo recopila datos personales sensibles en las siguientes circunstancias limitadas:<br>Con su consentimiento expl\u00edcito;<br>Proteja sus intereses vitales o los de otras personas si no puede llegar a un acuerdo f\u00edsico o legal;<br>Si se requiere tratamiento con fines m\u00e9dicos preventivos o laborales, proporcionar atenci\u00f3n o tratamiento sanitario o social, o gestionar sistemas y servicios sanitarios o sociales de conformidad con las leyes de la Uni\u00f3n o de los Estados miembros o de conformidad con los contratos con profesionales sanitarios; o utilizarse para establecer, ejercer o defender reclamaciones legales, o en la medida permitida y exigida por las leyes aplicables.<br>Salvo que la legislaci\u00f3n aplicable exija lo contrario, no es necesario que nos proporcione datos personales sensibles al usar nuestro sitio web. Si decide no hacerlo, esto no le impedir\u00e1 usar nuestro sitio web.<br>\u00a0<br>\u00bfQu\u00e9 otra informaci\u00f3n recopilamos?<br>Al igual que muchos otros sitios web, cuando navega e interact\u00faa con nuestro sitio web, podemos utilizar tecnolog\u00eda de recopilaci\u00f3n autom\u00e1tica para recopilar cierta informaci\u00f3n sobre su dispositivo, operaciones de navegaci\u00f3n y patrones, incluyendo:<br>Los detalles de su visita a nuestro sitio web, incluidos los recursos que visita y utiliza en nuestro sitio web, datos de tr\u00e1fico, datos de ubicaci\u00f3n, registros, idioma;<br>Fecha y hora de acceso, frecuencia y otros datos de comunicaci\u00f3n;<br>Informaci\u00f3n sobre el ordenador y la conexi\u00f3n a Internet, incluyendo el sistema operativo, el dominio del host y el tipo de navegador (como Internet Explorer); o<br>Detalles del sitio web recomendado (URL).<br>La informaci\u00f3n que recopilamos autom\u00e1ticamente son datos estad\u00edsticos que nos ayudan a mejorar nuestro sitio web y a ofrecer servicios mejores y m\u00e1s personalizados, lo que nos permite, entre otras cosas:<br>Determinar los patrones de tr\u00e1fico del sitio web;<br>Contar el n\u00famero de visitas al sitio;<br>Identificar la fuente de tr\u00e1fico para poder medir y mejorar el rendimiento del sitio web;<br>Compartir o vender dicha informaci\u00f3n a terceros;<br>Ay\u00fadanos a comprender qu\u00e9 p\u00e1ginas y contenidos son los m\u00e1s y los menos populares; y<br>Determina la frecuencia y la fecha de tu \u00faltima visita a nuestro sitio web.<br>\u00a0<br>Cookies y otras tecnolog\u00edas<br>Cuando visita nuestro sitio web o interact\u00faa con nuestros correos electr\u00f3nicos, utilizamos cookies, balizas web\/etiquetas de p\u00edxel y otras tecnolog\u00edas (denominadas colectivamente &quot;cookies&quot;) para identificarle. Las &quot;cookies&quot; son peque\u00f1as cantidades de datos almacenados en cach\u00e9 en un ordenador en funci\u00f3n de la actividad en Internet. Estas cookies pueden ser de origen propio o de terceros. Por ejemplo, podemos recopilar informaci\u00f3n sobre el tipo y la versi\u00f3n de su navegador, sistema operativo, idioma del usuario, proveedor de servicios de Internet (ISP), p\u00e1ginas web visitadas, enlaces pulsados, direcci\u00f3n IP, si tiene instalado un complemento &quot;Flash&quot;, resoluci\u00f3n de pantalla e informaci\u00f3n de conexi\u00f3n. Tambi\u00e9n recopilamos informaci\u00f3n sobre los sitios web visitados antes y despu\u00e9s de visitar nuestro sitio web, informaci\u00f3n detallada sobre los productos adquiridos y los correos electr\u00f3nicos que env\u00eda, reenv\u00eda o en los que hace clic para acceder a nuestro sitio web. Al recopilar esta informaci\u00f3n, podemos comprender mejor c\u00f3mo interact\u00faa con nuestro sitio web; proporcionarle una experiencia en l\u00ednea m\u00e1s personalizada y optimizada mediante el seguimiento de sus preferencias; mejorar nuestro sitio web; ejecutar contratos con nuestros socios comerciales; ayudar a confirmar la recepci\u00f3n y responder a nuestros correos electr\u00f3nicos; y proporcionar un servicio de atenci\u00f3n al cliente m\u00e1s eficaz. Para obtener m\u00e1s informaci\u00f3n sobre las cookies que recopilamos y c\u00f3mo deshabilitarlas, visite nuestra Pol\u00edtica de cookies y la secci\u00f3n 9 a continuaci\u00f3n. Complementos de redes sociales. Nuestro sitio web utiliza los llamados complementos sociales (&quot;plugins&quot;) de las redes sociales Facebook, Twitter y LinkedIn. Estos plugins se identifican mediante los logotipos respectivos de las redes sociales. Cuando visita el sitio, su navegador establece una conexi\u00f3n directa con los servidores de estas redes sociales. La red social transfiere el contenido del plugin directamente a su navegador y luego lo integra en el sitio web. La integraci\u00f3n de plugins permite a las redes sociales recibir la informaci\u00f3n que usted ha cargado en las p\u00e1ginas correspondientes del sitio. Por ejemplo, si inicia sesi\u00f3n con Facebook, podr\u00e1 asociar su visita a su cuenta. Cuando visita nuestro sitio web, independientemente de si interact\u00faa con el plugin o no, ya ha intercambiado esta informaci\u00f3n. Si interact\u00faa con el plugin, la informaci\u00f3n correspondiente se enviar\u00e1 directamente a Facebook a trav\u00e9s de su navegador y se guardar\u00e1 all\u00ed. Puede encontrar informaci\u00f3n sobre c\u00f3mo las redes sociales utilizan los datos, as\u00ed como sus derechos y configuraciones opcionales en los sitios de redes sociales para proteger su privacidad. Si no desea que las redes sociales recopilen datos sobre usted a trav\u00e9s de nuestro sitio web, debe iniciar sesi\u00f3n en el dominio de la red social antes de visitarlo. Para evitar el intercambio de informaci\u00f3n con las redes sociales durante su visita a nuestro sitio web, puede desactivar las cookies a trav\u00e9s de la configuraci\u00f3n de su navegador y otras herramientas.<br>\u00a0<br>\u00bfC\u00f3mo compartimos la informaci\u00f3n?<br>Nuestra empresa se compromete a mantener la confidencialidad de sus datos personales. Salvo lo estipulado en esta pol\u00edtica de privacidad, no venderemos, intercambiaremos ni alquilaremos sus datos personales recopilados en el sitio web a terceros. Podemos compartir sus datos personales de acuerdo con los siguientes requisitos o permisos legales:<br>En el proceso comercial diario, cualquier empresa afiliada a AHA INTERNATIONAL CO., LTD. solo puede utilizar sus datos personales para los fines descritos en esta pol\u00edtica de privacidad (por ejemplo, para responder a sus consultas sobre nuestros productos y servicios);<br>Con contratistas, vendedores y proveedores que nos prestan servicios en nuestro nombre, como el procesamiento y cumplimiento de pedidos; el an\u00e1lisis y almacenamiento de datos; la asistencia en marketing directo y la distribuci\u00f3n de correos electr\u00f3nicos y otras comunicaciones; servicios de prevenci\u00f3n de fraude; entrega y log\u00edstica; y para completar otros fines de la recopilaci\u00f3n anterior;<br>Si nosotros o cualquiera de nuestras empresas afiliadas solicitamos la quiebra o la transferencia de propiedad (o activos) relacionada con la reorganizaci\u00f3n corporativa propuesta o completa de cualquiera de nuestras afiliadas, tales como fusiones, adquisiciones o ventas reales o potenciales de unidades de negocio;<br>Cumplir con las \u00f3rdenes legales y los requisitos gubernamentales, o brindar apoyo a las funciones de auditor\u00eda, cumplimiento y gobierno corporativo seg\u00fan sea necesario;<br>Para combatir el fraude o la actividad delictiva, y para proteger los derechos nuestros o de nuestros afiliados, usuarios y socios comerciales, o como parte de procedimientos legales que afecten a nuestra empresa, incluido el cumplimiento de nuestros t\u00e9rminos y condiciones.<\/p>","protected":false},"excerpt":{"rendered":"<p>La privacidad y la seguridad de su informaci\u00f3n son muy importantes para nosotros. Consulte la pol\u00edtica de privacidad completa a continuaci\u00f3n para obtener m\u00e1s informaci\u00f3n. Introducci\u00f3n: Esta pol\u00edtica de privacidad explica c\u00f3mo nuestra empresa y sus filiales recopilan y utilizan su informaci\u00f3n. Nuestra pol\u00edtica de privacidad se aplica a todas las personas que visitan y utilizan nuestro sitio web, nuestra empresa y nuestros servicios en l\u00ednea, y [\u2026]<\/p>","protected":false},"author":1,"featured_media":0,"parent":0,"menu_order":0,"comment_status":"closed","ping_status":"open","template":"page\/privacy.php","meta":{"footnotes":""},"class_list":["post-3","page","type-page","status-publish","hentry"],"_links":{"self":[{"href":"https:\/\/www.ahaint.com\/es\/wp-json\/wp\/v2\/pages\/3","targetHints":{"allow":["GET"]}}],"collection":[{"href":"https:\/\/www.ahaint.com\/es\/wp-json\/wp\/v2\/pages"}],"about":[{"href":"https:\/\/www.ahaint.com\/es\/wp-json\/wp\/v2\/types\/page"}],"author":[{"embeddable":true,"href":"https:\/\/www.ahaint.com\/es\/wp-json\/wp\/v2\/users\/1"}],"replies":[{"embeddable":true,"href":"https:\/\/www.ahaint.com\/es\/wp-json\/wp\/v2\/comments?post=3"}],"version-history":[{"count":1,"href":"https:\/\/www.ahaint.com\/es\/wp-json\/wp\/v2\/pages\/3\/revisions"}],"predecessor-version":[{"id":6,"href":"https:\/\/www.ahaint.com\/es\/wp-json\/wp\/v2\/pages\/3\/revisions\/6"}],"wp:attachment":[{"href":"https:\/\/www.ahaint.com\/es\/wp-json\/wp\/v2\/media?parent=3"}],"curies":[{"name":"wp","href":"https:\/\/api.w.org\/{rel}","templated":true}]}}